{"id":4373,"date":"2018-10-24T16:56:33","date_gmt":"2018-10-24T14:56:33","guid":{"rendered":"https:\/\/www.naicon.com\/company\/?page_id=4373"},"modified":"2022-03-09T09:43:52","modified_gmt":"2022-03-09T08:43:52","slug":"cookie-policy","status":"publish","type":"page","link":"https:\/\/www.naicon.com\/company\/naicongroup\/cookie-policy\/","title":{"rendered":"Cookie Policy"},"content":{"rendered":"<div class=\"fusion-fullwidth fullwidth-box fusion-builder-row-1 fusion-flex-container hundred-percent-fullwidth non-hundred-percent-height-scrolling\" style=\"--awb-border-radius-top-left:0px;--awb-border-radius-top-right:0px;--awb-border-radius-bottom-right:0px;--awb-border-radius-bottom-left:0px;--awb-overflow:visible;\" ><div class=\"fusion-builder-row fusion-row fusion-flex-align-items-flex-start\" style=\"width:calc( 100% + 0px ) !important;max-width:calc( 100% + 0px ) !important;margin-left: calc(-0px \/ 2 );margin-right: calc(-0px \/ 2 );\"><div class=\"fusion-layout-column fusion_builder_column fusion-builder-column-0 fusion_builder_column_1_1 1_1 fusion-flex-column\" style=\"--awb-bg-size:cover;--awb-width-large:100%;--awb-margin-top-large:0px;--awb-spacing-right-large:0px;--awb-margin-bottom-large:20px;--awb-spacing-left-large:0px;--awb-width-medium:100%;--awb-spacing-right-medium:0px;--awb-spacing-left-medium:0px;--awb-width-small:100%;--awb-spacing-right-small:0px;--awb-spacing-left-small:0px;\"><div class=\"fusion-column-wrapper fusion-flex-justify-content-flex-start fusion-content-layout-column\"><div class=\"fusion-title title fusion-title-1 fusion-title-text fusion-title-size-one\"><div class=\"title-sep-container title-sep-container-left fusion-no-large-visibility fusion-no-medium-visibility fusion-no-small-visibility\"><div class=\"title-sep sep-double sep-solid\" style=\"border-color:#e0dede;\"><\/div><\/div><span class=\"awb-title-spacer fusion-no-large-visibility fusion-no-medium-visibility fusion-no-small-visibility\"><\/span><h1 class=\"title-heading-left\" style=\"margin:0;\">Cookie Policy<\/h1><span class=\"awb-title-spacer\"><\/span><div class=\"title-sep-container title-sep-container-right\"><div class=\"title-sep sep-double sep-solid\" style=\"border-color:#e0dede;\"><\/div><\/div><\/div><div class=\"fusion-text fusion-text-1\"><p>La presente pagina web www.naicon.com e indirizzo https:\/\/www.naicon.com\/company\/ utilizza cookie tecnici per garantire il corretto funzionamento delle procedure e migliorare l&#8217;esperienza di uso delle applicazioni online. Il presente documento fornisce informazioni sull&#8217;uso dei cookie e di tecnologie similari, su come sono utilizzati dal sito e su come gestirli.<br \/>\n<strong>Definizioni<\/strong><br \/>\nI cookie sono piccoli file di testo che i siti visitati dagli utenti inviano ai loro terminali, ove vengono memorizzati per essere poi ritrasmessi agli stessi siti alla visita successiva. I cookie delle c.d. &#8220;terze parti&#8221; vengono, invece, impostati da un sito web diverso da quello che l&#8217;utente sta visitando. Questo perch\u00e9 su ogni sito possono essere presenti elementi (immagini, mappe, suoni, specifici link a pagine web di altri domini, ecc.) che risiedono su server diversi da quello del sito visitato.<br \/>\n<strong>Tipologie di cookie<\/strong><br \/>\nIn base alle caratteristiche e all&#8217;utilizzo dei cookie si possono distinguere diverse categorie:<br \/>\n<strong>Cookie tecnici<\/strong><br \/>\nI cookie tecnici sono quelli utilizzati al solo fine di &#8220;effettuare la trasmissione di una comunicazione su una rete di comunicazione elettronica, o nella misura strettamente necessaria al fornitore di un servizio della societ\u00e0 dell&#8217;informazione esplicitamente richiesto dall&#8217;abbonato o dall&#8217;utente a erogare tale servizio&#8221; (cfr. art. 122, comma 1, del Codice).Essi non vengono utilizzati per scopi ulteriori e sono normalmente installati direttamente dal titolare o gestore del sito web. Possono essere suddivisi in:<br \/>\n\u2022 cookie di navigazione o di sessione, che garantiscono la normale navigazione e fruizione del sito web;<br \/>\n\u2022 cookie analytics, assimilati ai cookie tecnici laddove utilizzati direttamente dal gestore del sito per raccogliere informazioni, in forma aggregata, sul numero degli utenti e su come questi visitano il sito stesso;<br \/>\n\u2022 cookie di funzionalit\u00e0, che permettono all&#8217;utente la navigazione in funzione di una serie di criteri selezionati al fine di migliorare il servizio reso allo stesso.<br \/>\nPer l&#8217;installazione di tali cookie non \u00e8 richiesto il preventivo consenso degli utenti, mentre resta fermo l&#8217;obbligo di dare l&#8217;informativa ai sensi dell&#8217;art. 13 del Codice, che il gestore del sito, qualora utilizzi soltanto tali dispositivi, potr\u00e0 fornire con le modalit\u00e0 che ritiene pi\u00f9 idonee.<br \/>\n<strong>Cookie di profilazione<\/strong><br \/>\nI cookie di profilazione sono volti a creare profili relativi all&#8217;utente e vengono utilizzati al fine di inviare messaggi pubblicitari in linea con le preferenze manifestate dallo stesso nell&#8217;ambito della navigazione in rete. In ragione della particolare invasivit\u00e0 che tali dispositivi possono avere nell&#8217;ambito della sfera privata degli utenti, la normativa europea e italiana prevede che l&#8217;utente debba essere adeguatamente informato sull&#8217;uso degli stessi ed esprimere cos\u00ec il proprio valido consenso. Ad essi si riferisce l&#8217;art. 122 del Codice laddove prevede che &#8220;l&#8217;archiviazione delle informazioni nell&#8217;apparecchio terminale di un contraente o di un utente o l&#8217;accesso a informazioni gi\u00e0 archiviate sono consentiti unicamente a condizione che il contraente o l&#8217;utente abbia espresso il proprio consenso dopo essere stato informato con le modalit\u00e0 semplificate di cui all&#8217;articolo 13, comma 3&#8221; (art. 122, comma 1, del Codice). Il presente sito non utilizza cookie di profilazione.<\/p>\n<p><strong>Cookie di &#8220;terze parti&#8221; <\/strong><br \/>\nVisitando il presente sito web si potrebbero ricevere cookie da siti gestiti da altre organizzazioni (&#8220;terze parti&#8221;). Un esempio \u00e8 rappresentato dalla presenza dei &#8220;social plugin&#8221; per Instagram, Facebook, Twitter, Google+ o LinkedIn, oppure sistemi di visualizzazione di contenuti multimediali embedded (integrati) come ad esempio Youtube, Flikr. Si tratta di parti generate direttamente dai suddetti siti ed integrati nella pagina web del sito ospitante visitato. La presenza di questi plugin comporta la trasmissione di cookie da e verso i siti gestiti da terze parti. Il presente sito web non ha collegamenti di terze parti.<\/p>\n<p><strong>Cookie analytics<\/strong><br \/>\nGoogle Analytics<br \/>\nIl sito include anche componenti trasmesse da Google Analytics, un servizio di analisi del traffico web fornito da Google, Inc. (&#8220;Google&#8221;). Tali cookie sono usati al solo fine di monitorare e migliorare le prestazioni del sito. Per ulteriori informazioni, si rinvia al link di seguito indicato:<br \/>\nhttps:\/\/www.google.it\/policies\/privacy\/partners\/<br \/>\nL&#8217;utente pu\u00f2 disabilitare in modo selettivo l&#8217;azione di Google Analytics installando sul proprio browser la componente di opt-out fornito da Google. Per disabilitare l&#8217;azione di Google Analytics, si rinvia al link di seguito indicato:<br \/>\nhttps:\/\/tools.google.com\/dlpage\/gaoptout<br \/>\n<strong>Durata dei cookie<\/strong><br \/>\nAlcuni cookie (cookie di sessione) restano attivi solo fino alla chiusura del browser o all&#8217;esecuzione dell&#8217;eventuale comando di logout. Altri cookie &#8220;sopravvivono&#8221; alla chiusura del browser e sono disponibili anche in successive visite dell&#8217;utente. Questi cookie sono detti persistenti e la loro durata \u00e8 fissata dal server al momento della loro creazione. In alcuni casi \u00e8 fissata una scadenza, in altri casi la durata \u00e8 illimitata.<br \/>\n<strong>Gestione dei cookie<\/strong><br \/>\nL&#8217;utente pu\u00f2 decidere se accettare o meno i cookie utilizzando le impostazioni del proprio browser.<br \/>\nAttenzione: con la disabilitazione totale o parziale dei cookie tecnici potrebbe compromettere l&#8217;utilizzo ottimale del sito. La disabilitazione dei cookie &#8220;terze parti&#8221; non pregiudica in alcun modo la navigabilit\u00e0.<br \/>\nL&#8217;impostazione pu\u00f2 essere definita in modo specifico per i diversi siti e applicazioni web. Inoltre i browser consentono di definire impostazioni diverse per i cookie &#8220;proprietari&#8221; e per quelli di &#8220;terze parti&#8221;. A titolo di esempio, in Firefox, attraverso il menu Strumenti-&gt;Opzioni-&gt;Privacy, \u00e8 possibile accedere ad un pannello di controllo dove \u00e8 possibile definire se accettare o meno i diversi tipi di cookie e procedere alla loro rimozione. In internet \u00e8 facilmente reperibile la documentazione su come impostare le regole di gestione dei cookies per il proprio browser, a titolo di esempio si riportano alcuni indirizzi relativi ai principali browser:<\/p>\n<p>Chrome: https:\/\/support.google.com\/chrome\/answer\/95647?hl=it<br \/>\nFirefox: https:\/\/support.mozilla.org\/it\/kb\/Gestione%20dei%20cookie<br \/>\nInternet Explorer: http:\/\/windows.microsoft.com\/it-it\/windows7\/how-to-manage-cookies-in-internet-explorer-9<br \/>\nOpera: http:\/\/help.opera.com\/Windows\/10.00\/it\/cookies.html<br \/>\nSafari: http:\/\/support.apple.com\/kb\/HT1677?viewlocale=it_IT<br \/>\n<strong>MODIFICHE AL PRESENTE DOCUMENTO<\/strong><br \/>\nIl presente documento costituisce la cookie policy di questo sito.<br \/>\nEsso pu\u00f2 essere soggetto a modifiche o aggiornamenti. Qualora si tratti di modifiche ed aggiornamenti rilevanti questi saranno segnalati con apposite notifiche agli utenti.<br \/>\nPer la privacy policy del sito web si rinvia all\u2019apposita informativa pubblicata sulla pagina del Titolare del trattamento dei dati personali.<br \/>\nIl documento \u00e8 stato aggiornato nel mese di settembre 2018 per essere conforme alle disposizioni normative del Regolamento UE 2016\/679 \u2013 GDPR e del Codice Privacy D.Lgs. 196\/03 novellato dal D.Lgs. 101\/2018 del 10 agosto 2018, entrato in vigore il 19 settembre 2018.<\/p>\n<p>IL TITOLARE DEL TRATTAMENTO DEI DATI PERSONALI<br \/>\nNAICON S.r.l.<\/p>\n<\/div><\/div><\/div><\/div><\/div>\n","protected":false},"excerpt":{"rendered":"","protected":false},"author":4,"featured_media":0,"parent":52,"menu_order":0,"comment_status":"closed","ping_status":"closed","template":"","meta":{"footnotes":""},"class_list":["post-4373","page","type-page","status-publish","hentry"],"yoast_head":"<!-- This site is optimized with the Yoast SEO plugin v23.4 - https:\/\/yoast.com\/wordpress\/plugins\/seo\/ -->\n<title>Cookie Policy - NaiconGroup<\/title>\n<meta name=\"robots\" content=\"index, follow, max-snippet:-1, max-image-preview:large, max-video-preview:-1\" \/>\n<link rel=\"canonical\" href=\"https:\/\/www.naicon.com\/company\/naicongroup\/cookie-policy\/\" \/>\n<meta property=\"og:locale\" content=\"it_IT\" \/>\n<meta property=\"og:type\" content=\"article\" \/>\n<meta property=\"og:title\" content=\"Cookie Policy - NaiconGroup\" \/>\n<meta property=\"og:url\" content=\"https:\/\/www.naicon.com\/company\/naicongroup\/cookie-policy\/\" \/>\n<meta property=\"og:site_name\" content=\"NaiconGroup\" \/>\n<meta property=\"article:publisher\" content=\"https:\/\/www.facebook.com\/naiconsrl\/\" \/>\n<meta property=\"article:modified_time\" content=\"2022-03-09T08:43:52+00:00\" \/>\n<meta name=\"twitter:label1\" content=\"Tempo di lettura stimato\" \/>\n\t<meta name=\"twitter:data1\" content=\"6 minuti\" \/>\n<script type=\"application\/ld+json\" class=\"yoast-schema-graph\">{\"@context\":\"https:\/\/schema.org\",\"@graph\":[{\"@type\":\"WebPage\",\"@id\":\"https:\/\/www.naicon.com\/company\/naicongroup\/cookie-policy\/\",\"url\":\"https:\/\/www.naicon.com\/company\/naicongroup\/cookie-policy\/\",\"name\":\"Cookie Policy - NaiconGroup\",\"isPartOf\":{\"@id\":\"https:\/\/www.naicon.com\/company\/#website\"},\"datePublished\":\"2018-10-24T14:56:33+00:00\",\"dateModified\":\"2022-03-09T08:43:52+00:00\",\"breadcrumb\":{\"@id\":\"https:\/\/www.naicon.com\/company\/naicongroup\/cookie-policy\/#breadcrumb\"},\"inLanguage\":\"it-IT\",\"potentialAction\":[{\"@type\":\"ReadAction\",\"target\":[\"https:\/\/www.naicon.com\/company\/naicongroup\/cookie-policy\/\"]}]},{\"@type\":\"BreadcrumbList\",\"@id\":\"https:\/\/www.naicon.com\/company\/naicongroup\/cookie-policy\/#breadcrumb\",\"itemListElement\":[{\"@type\":\"ListItem\",\"position\":1,\"name\":\"Home\",\"item\":\"https:\/\/www.naicon.com\/company\/\"},{\"@type\":\"ListItem\",\"position\":2,\"name\":\"NaiconGroup\",\"item\":\"https:\/\/www.naicon.com\/company\/\"},{\"@type\":\"ListItem\",\"position\":3,\"name\":\"Cookie Policy\"}]},{\"@type\":\"WebSite\",\"@id\":\"https:\/\/www.naicon.com\/company\/#website\",\"url\":\"https:\/\/www.naicon.com\/company\/\",\"name\":\"NaiconGroup\",\"description\":\"Elsist - Diloc\",\"publisher\":{\"@id\":\"https:\/\/www.naicon.com\/company\/#organization\"},\"potentialAction\":[{\"@type\":\"SearchAction\",\"target\":{\"@type\":\"EntryPoint\",\"urlTemplate\":\"https:\/\/www.naicon.com\/company\/?s={search_term_string}\"},\"query-input\":{\"@type\":\"PropertyValueSpecification\",\"valueRequired\":true,\"valueName\":\"search_term_string\"}}],\"inLanguage\":\"it-IT\"},{\"@type\":\"Organization\",\"@id\":\"https:\/\/www.naicon.com\/company\/#organization\",\"name\":\"Naicon\",\"url\":\"https:\/\/www.naicon.com\/company\/\",\"logo\":{\"@type\":\"ImageObject\",\"inLanguage\":\"it-IT\",\"@id\":\"https:\/\/www.naicon.com\/company\/#\/schema\/logo\/image\/\",\"url\":\"https:\/\/www.naicon.com\/company\/wp-content\/uploads\/2018\/03\/naicon-logo.png\",\"contentUrl\":\"https:\/\/www.naicon.com\/company\/wp-content\/uploads\/2018\/03\/naicon-logo.png\",\"width\":1310,\"height\":466,\"caption\":\"Naicon\"},\"image\":{\"@id\":\"https:\/\/www.naicon.com\/company\/#\/schema\/logo\/image\/\"},\"sameAs\":[\"https:\/\/www.facebook.com\/naiconsrl\/\"]}]}<\/script>\n<!-- \/ Yoast SEO plugin. -->","yoast_head_json":{"title":"Cookie Policy - NaiconGroup","robots":{"index":"index","follow":"follow","max-snippet":"max-snippet:-1","max-image-preview":"max-image-preview:large","max-video-preview":"max-video-preview:-1"},"canonical":"https:\/\/www.naicon.com\/company\/naicongroup\/cookie-policy\/","og_locale":"it_IT","og_type":"article","og_title":"Cookie Policy - NaiconGroup","og_url":"https:\/\/www.naicon.com\/company\/naicongroup\/cookie-policy\/","og_site_name":"NaiconGroup","article_publisher":"https:\/\/www.facebook.com\/naiconsrl\/","article_modified_time":"2022-03-09T08:43:52+00:00","twitter_misc":{"Tempo di lettura stimato":"6 minuti"},"schema":{"@context":"https:\/\/schema.org","@graph":[{"@type":"WebPage","@id":"https:\/\/www.naicon.com\/company\/naicongroup\/cookie-policy\/","url":"https:\/\/www.naicon.com\/company\/naicongroup\/cookie-policy\/","name":"Cookie Policy - NaiconGroup","isPartOf":{"@id":"https:\/\/www.naicon.com\/company\/#website"},"datePublished":"2018-10-24T14:56:33+00:00","dateModified":"2022-03-09T08:43:52+00:00","breadcrumb":{"@id":"https:\/\/www.naicon.com\/company\/naicongroup\/cookie-policy\/#breadcrumb"},"inLanguage":"it-IT","potentialAction":[{"@type":"ReadAction","target":["https:\/\/www.naicon.com\/company\/naicongroup\/cookie-policy\/"]}]},{"@type":"BreadcrumbList","@id":"https:\/\/www.naicon.com\/company\/naicongroup\/cookie-policy\/#breadcrumb","itemListElement":[{"@type":"ListItem","position":1,"name":"Home","item":"https:\/\/www.naicon.com\/company\/"},{"@type":"ListItem","position":2,"name":"NaiconGroup","item":"https:\/\/www.naicon.com\/company\/"},{"@type":"ListItem","position":3,"name":"Cookie Policy"}]},{"@type":"WebSite","@id":"https:\/\/www.naicon.com\/company\/#website","url":"https:\/\/www.naicon.com\/company\/","name":"NaiconGroup","description":"Elsist - Diloc","publisher":{"@id":"https:\/\/www.naicon.com\/company\/#organization"},"potentialAction":[{"@type":"SearchAction","target":{"@type":"EntryPoint","urlTemplate":"https:\/\/www.naicon.com\/company\/?s={search_term_string}"},"query-input":{"@type":"PropertyValueSpecification","valueRequired":true,"valueName":"search_term_string"}}],"inLanguage":"it-IT"},{"@type":"Organization","@id":"https:\/\/www.naicon.com\/company\/#organization","name":"Naicon","url":"https:\/\/www.naicon.com\/company\/","logo":{"@type":"ImageObject","inLanguage":"it-IT","@id":"https:\/\/www.naicon.com\/company\/#\/schema\/logo\/image\/","url":"https:\/\/www.naicon.com\/company\/wp-content\/uploads\/2018\/03\/naicon-logo.png","contentUrl":"https:\/\/www.naicon.com\/company\/wp-content\/uploads\/2018\/03\/naicon-logo.png","width":1310,"height":466,"caption":"Naicon"},"image":{"@id":"https:\/\/www.naicon.com\/company\/#\/schema\/logo\/image\/"},"sameAs":["https:\/\/www.facebook.com\/naiconsrl\/"]}]}},"_links":{"self":[{"href":"https:\/\/www.naicon.com\/company\/wp-json\/wp\/v2\/pages\/4373"}],"collection":[{"href":"https:\/\/www.naicon.com\/company\/wp-json\/wp\/v2\/pages"}],"about":[{"href":"https:\/\/www.naicon.com\/company\/wp-json\/wp\/v2\/types\/page"}],"author":[{"embeddable":true,"href":"https:\/\/www.naicon.com\/company\/wp-json\/wp\/v2\/users\/4"}],"replies":[{"embeddable":true,"href":"https:\/\/www.naicon.com\/company\/wp-json\/wp\/v2\/comments?post=4373"}],"version-history":[{"count":2,"href":"https:\/\/www.naicon.com\/company\/wp-json\/wp\/v2\/pages\/4373\/revisions"}],"predecessor-version":[{"id":8699,"href":"https:\/\/www.naicon.com\/company\/wp-json\/wp\/v2\/pages\/4373\/revisions\/8699"}],"up":[{"embeddable":true,"href":"https:\/\/www.naicon.com\/company\/wp-json\/wp\/v2\/pages\/52"}],"wp:attachment":[{"href":"https:\/\/www.naicon.com\/company\/wp-json\/wp\/v2\/media?parent=4373"}],"curies":[{"name":"wp","href":"https:\/\/api.w.org\/{rel}","templated":true}]}}